{"id":1995,"date":"2026-03-11T19:07:42","date_gmt":"2026-03-11T19:07:42","guid":{"rendered":"https:\/\/amdentalstudiogdl.mx\/?post_type=product&#038;p=1995"},"modified":"2026-03-11T19:14:39","modified_gmt":"2026-03-11T19:14:39","slug":"retenedor","status":"publish","type":"product","link":"https:\/\/amdentalstudiogdl.mx\/en\/product\/retenedor\/","title":{"rendered":"Retenedor"},"content":{"rendered":"<p data-pm-slice=\"1 1 []\"><strong>Protege tu Sonrisa Perfecta con Retenedores Transparentes<\/strong><\/p>\n<p>Despu\u00e9s de terminar tu tratamiento de ortodoncia (ya sea con brackets o alineadores), tus dientes tienen \u00abmemoria\u00bb y de forma natural intentar\u00e1n regresar a su posici\u00f3n original. En <strong>AM Dental Studio<\/strong>, te ayudamos a proteger tu inversi\u00f3n y mantener tus dientes perfectamente alineados con nuestros retenedores est\u00e9ticos de \u00faltima generaci\u00f3n.<\/p>\n<p>Nuestros retenedores invisibles est\u00e1n fabricados con un material termopl\u00e1stico transparente, ultrafino y de alta resistencia. Se dise\u00f1an a la medida exacta de tu nueva sonrisa, asegurando un ajuste perfecto.<\/p>\n<p><strong>Beneficios de nuestros retenedores:<\/strong><\/p>\n<ul>\n<li><strong>Est\u00e9tica impecable:<\/strong> Son pr\u00e1cticamente invisibles; podr\u00e1s usarlos con total confianza.<\/li>\n<li><strong>Evitan la recidiva:<\/strong> Fijan y mantienen cada diente en su posici\u00f3n ideal de forma permanente.<\/li>\n<li><strong>Comodidad absoluta:<\/strong> Al ser hechos a tu medida, no lastiman las enc\u00edas ni causan molestias al dormir o hablar.<\/li>\n<li><strong>Higiene facilitada:<\/strong> Son totalmente removibles, permiti\u00e9ndote cepillar tus dientes y usar hilo dental sin complicaciones.<\/li>\n<\/ul>\n<p>No dejes que el tiempo deshaga el trabajo de tu ortodoncia. Asegura tu sonrisa para toda la vida con retenedores de la m\u00e1s alta calidad cl\u00ednica.<\/p>","protected":false},"excerpt":{"rendered":"<p data-pm-slice=\"1 1 []\">Conserva los resultados de tu ortodoncia para siempre. Nuestros retenedores dentales transparentes (tipo Essix) evitan que tus dientes vuelvan a desalinearse, garantizando una sonrisa perfecta, c\u00f3moda e invisible.<\/p>","protected":false},"featured_media":1997,"comment_status":"open","ping_status":"closed","template":"","meta":[],"product_brand":[],"product_cat":[39],"product_tag":[],"class_list":{"0":"post-1995","1":"product","2":"type-product","3":"status-publish","4":"has-post-thumbnail","6":"product_cat-retenedores","8":"first","9":"instock","10":"shipping-taxable","11":"purchasable","12":"product-type-simple"},"yoast_head":"<!-- This site is optimized with the Yoast SEO plugin v27.4 - https:\/\/yoast.com\/product\/yoast-seo-wordpress\/ -->\n<title>Retenedores Dentales a Medida en GDL | AM Dental Studio<\/title>\n<meta name=\"description\" content=\"Conserva los resultados de tu ortodoncia con nuestros retenedores dentales invisibles y hechos a medida en Guadalajara. \u00a1Agenda tu cita hoy!\" \/>\n<meta name=\"robots\" content=\"index, follow, max-snippet:-1, max-image-preview:large, max-video-preview:-1\" \/>\n<link rel=\"canonical\" href=\"https:\/\/amdentalstudiogdl.mx\/en\/product\/retenedor\/\" \/>\n<meta property=\"og:locale\" content=\"en_US\" \/>\n<meta property=\"og:type\" content=\"article\" \/>\n<meta property=\"og:title\" content=\"Retenedores Dentales a Medida en GDL | AM Dental Studio\" \/>\n<meta property=\"og:description\" content=\"Conserva los resultados de tu ortodoncia con nuestros retenedores dentales invisibles y hechos a medida en Guadalajara. \u00a1Agenda tu cita hoy!\" \/>\n<meta property=\"og:url\" content=\"https:\/\/amdentalstudiogdl.mx\/en\/product\/retenedor\/\" \/>\n<meta property=\"og:site_name\" content=\"AM Dental Studio GDL\" \/>\n<meta property=\"article:publisher\" content=\"https:\/\/www.facebook.com\/Amdentalstudio\" \/>\n<meta property=\"article:modified_time\" content=\"2026-03-11T19:14:39+00:00\" \/>\n<meta property=\"og:image\" content=\"https:\/\/amdentalstudiogdl.mx\/wp-content\/uploads\/2026\/03\/Fotografa_macro_hiperrealista_y_de_alta_resolucin__fb3006dc1a.jpeg\" \/>\n\t<meta property=\"og:image:width\" content=\"1376\" \/>\n\t<meta property=\"og:image:height\" content=\"768\" \/>\n\t<meta property=\"og:image:type\" content=\"image\/jpeg\" \/>\n<meta name=\"twitter:card\" content=\"summary_large_image\" \/>\n<meta name=\"twitter:label1\" content=\"Est. reading time\" \/>\n\t<meta name=\"twitter:data1\" content=\"1 minute\" \/>\n<script type=\"application\/ld+json\" class=\"yoast-schema-graph\">{\"@context\":\"https:\\\/\\\/schema.org\",\"@graph\":[{\"@type\":\"WebPage\",\"@id\":\"https:\\\/\\\/amdentalstudiogdl.mx\\\/producto\\\/retenedor\\\/\",\"url\":\"https:\\\/\\\/amdentalstudiogdl.mx\\\/producto\\\/retenedor\\\/\",\"name\":\"Retenedores Dentales a Medida en GDL | AM Dental Studio\",\"isPartOf\":{\"@id\":\"https:\\\/\\\/amdentalstudiogdl.mx\\\/#website\"},\"primaryImageOfPage\":{\"@id\":\"https:\\\/\\\/amdentalstudiogdl.mx\\\/producto\\\/retenedor\\\/#primaryimage\"},\"image\":{\"@id\":\"https:\\\/\\\/amdentalstudiogdl.mx\\\/producto\\\/retenedor\\\/#primaryimage\"},\"thumbnailUrl\":\"https:\\\/\\\/amdentalstudiogdl.mx\\\/wp-content\\\/uploads\\\/2026\\\/03\\\/Fotografa_macro_hiperrealista_y_de_alta_resolucin__fb3006dc1a.jpeg\",\"datePublished\":\"2026-03-11T19:07:42+00:00\",\"dateModified\":\"2026-03-11T19:14:39+00:00\",\"description\":\"Conserva los resultados de tu ortodoncia con nuestros retenedores dentales invisibles y hechos a medida en Guadalajara. \u00a1Agenda tu cita hoy!\",\"breadcrumb\":{\"@id\":\"https:\\\/\\\/amdentalstudiogdl.mx\\\/producto\\\/retenedor\\\/#breadcrumb\"},\"inLanguage\":\"en-US\",\"potentialAction\":[{\"@type\":\"ReadAction\",\"target\":[\"https:\\\/\\\/amdentalstudiogdl.mx\\\/producto\\\/retenedor\\\/\"]}]},{\"@type\":\"ImageObject\",\"inLanguage\":\"en-US\",\"@id\":\"https:\\\/\\\/amdentalstudiogdl.mx\\\/producto\\\/retenedor\\\/#primaryimage\",\"url\":\"https:\\\/\\\/amdentalstudiogdl.mx\\\/wp-content\\\/uploads\\\/2026\\\/03\\\/Fotografa_macro_hiperrealista_y_de_alta_resolucin__fb3006dc1a.jpeg\",\"contentUrl\":\"https:\\\/\\\/amdentalstudiogdl.mx\\\/wp-content\\\/uploads\\\/2026\\\/03\\\/Fotografa_macro_hiperrealista_y_de_alta_resolucin__fb3006dc1a.jpeg\",\"width\":1376,\"height\":768},{\"@type\":\"BreadcrumbList\",\"@id\":\"https:\\\/\\\/amdentalstudiogdl.mx\\\/producto\\\/retenedor\\\/#breadcrumb\",\"itemListElement\":[{\"@type\":\"ListItem\",\"position\":1,\"name\":\"Portada\",\"item\":\"https:\\\/\\\/amdentalstudiogdl.mx\\\/\"},{\"@type\":\"ListItem\",\"position\":2,\"name\":\"Tienda\",\"item\":\"https:\\\/\\\/amdentalstudiogdl.mx\\\/tienda\\\/\"},{\"@type\":\"ListItem\",\"position\":3,\"name\":\"Retenedor\"}]},{\"@type\":\"WebSite\",\"@id\":\"https:\\\/\\\/amdentalstudiogdl.mx\\\/#website\",\"url\":\"https:\\\/\\\/amdentalstudiogdl.mx\\\/\",\"name\":\"Am Dental Studio\",\"description\":\"Tu cl\u00ednica de est\u00e9tica dental con tecnolog\u00eda avanzada y atenci\u00f3n personalizada.\",\"publisher\":{\"@id\":\"https:\\\/\\\/amdentalstudiogdl.mx\\\/#organization\"},\"potentialAction\":[{\"@type\":\"SearchAction\",\"target\":{\"@type\":\"EntryPoint\",\"urlTemplate\":\"https:\\\/\\\/amdentalstudiogdl.mx\\\/?s={search_term_string}\"},\"query-input\":{\"@type\":\"PropertyValueSpecification\",\"valueRequired\":true,\"valueName\":\"search_term_string\"}}],\"inLanguage\":\"en-US\"},{\"@type\":\"Organization\",\"@id\":\"https:\\\/\\\/amdentalstudiogdl.mx\\\/#organization\",\"name\":\"Am Dental Studio Guadalajara\",\"url\":\"https:\\\/\\\/amdentalstudiogdl.mx\\\/\",\"logo\":{\"@type\":\"ImageObject\",\"inLanguage\":\"en-US\",\"@id\":\"https:\\\/\\\/amdentalstudiogdl.mx\\\/#\\\/schema\\\/logo\\\/image\\\/\",\"url\":\"https:\\\/\\\/amdentalstudiogdl-mx.preview-domain.com\\\/wp-content\\\/uploads\\\/2024\\\/10\\\/Recurso-1.webp\",\"contentUrl\":\"https:\\\/\\\/amdentalstudiogdl-mx.preview-domain.com\\\/wp-content\\\/uploads\\\/2024\\\/10\\\/Recurso-1.webp\",\"width\":235,\"height\":165,\"caption\":\"Am Dental Studio Guadalajara\"},\"image\":{\"@id\":\"https:\\\/\\\/amdentalstudiogdl.mx\\\/#\\\/schema\\\/logo\\\/image\\\/\"},\"sameAs\":[\"https:\\\/\\\/www.facebook.com\\\/Amdentalstudio\",\"https:\\\/\\\/www.youtube.com\\\/@amdentalstudio7454\"]}]}<\/script>\n<!-- \/ Yoast SEO plugin. -->","yoast_head_json":{"title":"Retenedores Dentales a Medida en GDL | AM Dental Studio","description":"Conserva los resultados de tu ortodoncia con nuestros retenedores dentales invisibles y hechos a medida en Guadalajara. \u00a1Agenda tu cita hoy!","robots":{"index":"index","follow":"follow","max-snippet":"max-snippet:-1","max-image-preview":"max-image-preview:large","max-video-preview":"max-video-preview:-1"},"canonical":"https:\/\/amdentalstudiogdl.mx\/en\/product\/retenedor\/","og_locale":"en_US","og_type":"article","og_title":"Retenedores Dentales a Medida en GDL | AM Dental Studio","og_description":"Conserva los resultados de tu ortodoncia con nuestros retenedores dentales invisibles y hechos a medida en Guadalajara. \u00a1Agenda tu cita hoy!","og_url":"https:\/\/amdentalstudiogdl.mx\/en\/product\/retenedor\/","og_site_name":"AM Dental Studio GDL","article_publisher":"https:\/\/www.facebook.com\/Amdentalstudio","article_modified_time":"2026-03-11T19:14:39+00:00","og_image":[{"width":1376,"height":768,"url":"https:\/\/amdentalstudiogdl.mx\/wp-content\/uploads\/2026\/03\/Fotografa_macro_hiperrealista_y_de_alta_resolucin__fb3006dc1a.jpeg","type":"image\/jpeg"}],"twitter_card":"summary_large_image","twitter_misc":{"Est. reading time":"1 minute"},"schema":{"@context":"https:\/\/schema.org","@graph":[{"@type":"WebPage","@id":"https:\/\/amdentalstudiogdl.mx\/producto\/retenedor\/","url":"https:\/\/amdentalstudiogdl.mx\/producto\/retenedor\/","name":"Retenedores Dentales a Medida en GDL | AM Dental Studio","isPartOf":{"@id":"https:\/\/amdentalstudiogdl.mx\/#website"},"primaryImageOfPage":{"@id":"https:\/\/amdentalstudiogdl.mx\/producto\/retenedor\/#primaryimage"},"image":{"@id":"https:\/\/amdentalstudiogdl.mx\/producto\/retenedor\/#primaryimage"},"thumbnailUrl":"https:\/\/amdentalstudiogdl.mx\/wp-content\/uploads\/2026\/03\/Fotografa_macro_hiperrealista_y_de_alta_resolucin__fb3006dc1a.jpeg","datePublished":"2026-03-11T19:07:42+00:00","dateModified":"2026-03-11T19:14:39+00:00","description":"Conserva los resultados de tu ortodoncia con nuestros retenedores dentales invisibles y hechos a medida en Guadalajara. \u00a1Agenda tu cita hoy!","breadcrumb":{"@id":"https:\/\/amdentalstudiogdl.mx\/producto\/retenedor\/#breadcrumb"},"inLanguage":"en-US","potentialAction":[{"@type":"ReadAction","target":["https:\/\/amdentalstudiogdl.mx\/producto\/retenedor\/"]}]},{"@type":"ImageObject","inLanguage":"en-US","@id":"https:\/\/amdentalstudiogdl.mx\/producto\/retenedor\/#primaryimage","url":"https:\/\/amdentalstudiogdl.mx\/wp-content\/uploads\/2026\/03\/Fotografa_macro_hiperrealista_y_de_alta_resolucin__fb3006dc1a.jpeg","contentUrl":"https:\/\/amdentalstudiogdl.mx\/wp-content\/uploads\/2026\/03\/Fotografa_macro_hiperrealista_y_de_alta_resolucin__fb3006dc1a.jpeg","width":1376,"height":768},{"@type":"BreadcrumbList","@id":"https:\/\/amdentalstudiogdl.mx\/producto\/retenedor\/#breadcrumb","itemListElement":[{"@type":"ListItem","position":1,"name":"Portada","item":"https:\/\/amdentalstudiogdl.mx\/"},{"@type":"ListItem","position":2,"name":"Tienda","item":"https:\/\/amdentalstudiogdl.mx\/tienda\/"},{"@type":"ListItem","position":3,"name":"Retenedor"}]},{"@type":"WebSite","@id":"https:\/\/amdentalstudiogdl.mx\/#website","url":"https:\/\/amdentalstudiogdl.mx\/","name":"Am Dental Studio","description":"Tu cl\u00ednica de est\u00e9tica dental con tecnolog\u00eda avanzada y atenci\u00f3n personalizada.","publisher":{"@id":"https:\/\/amdentalstudiogdl.mx\/#organization"},"potentialAction":[{"@type":"SearchAction","target":{"@type":"EntryPoint","urlTemplate":"https:\/\/amdentalstudiogdl.mx\/?s={search_term_string}"},"query-input":{"@type":"PropertyValueSpecification","valueRequired":true,"valueName":"search_term_string"}}],"inLanguage":"en-US"},{"@type":"Organization","@id":"https:\/\/amdentalstudiogdl.mx\/#organization","name":"Am Dental Studio Guadalajara","url":"https:\/\/amdentalstudiogdl.mx\/","logo":{"@type":"ImageObject","inLanguage":"en-US","@id":"https:\/\/amdentalstudiogdl.mx\/#\/schema\/logo\/image\/","url":"https:\/\/amdentalstudiogdl-mx.preview-domain.com\/wp-content\/uploads\/2024\/10\/Recurso-1.webp","contentUrl":"https:\/\/amdentalstudiogdl-mx.preview-domain.com\/wp-content\/uploads\/2024\/10\/Recurso-1.webp","width":235,"height":165,"caption":"Am Dental Studio Guadalajara"},"image":{"@id":"https:\/\/amdentalstudiogdl.mx\/#\/schema\/logo\/image\/"},"sameAs":["https:\/\/www.facebook.com\/Amdentalstudio","https:\/\/www.youtube.com\/@amdentalstudio7454"]}]}},"_links":{"self":[{"href":"https:\/\/amdentalstudiogdl.mx\/en\/wp-json\/wp\/v2\/product\/1995","targetHints":{"allow":["GET"]}}],"collection":[{"href":"https:\/\/amdentalstudiogdl.mx\/en\/wp-json\/wp\/v2\/product"}],"about":[{"href":"https:\/\/amdentalstudiogdl.mx\/en\/wp-json\/wp\/v2\/types\/product"}],"replies":[{"embeddable":true,"href":"https:\/\/amdentalstudiogdl.mx\/en\/wp-json\/wp\/v2\/comments?post=1995"}],"wp:featuredmedia":[{"embeddable":true,"href":"https:\/\/amdentalstudiogdl.mx\/en\/wp-json\/wp\/v2\/media\/1997"}],"wp:attachment":[{"href":"https:\/\/amdentalstudiogdl.mx\/en\/wp-json\/wp\/v2\/media?parent=1995"}],"wp:term":[{"taxonomy":"product_brand","embeddable":true,"href":"https:\/\/amdentalstudiogdl.mx\/en\/wp-json\/wp\/v2\/product_brand?post=1995"},{"taxonomy":"product_cat","embeddable":true,"href":"https:\/\/amdentalstudiogdl.mx\/en\/wp-json\/wp\/v2\/product_cat?post=1995"},{"taxonomy":"product_tag","embeddable":true,"href":"https:\/\/amdentalstudiogdl.mx\/en\/wp-json\/wp\/v2\/product_tag?post=1995"}],"curies":[{"name":"wp","href":"https:\/\/api.w.org\/{rel}","templated":true}]}}