{"id":1882,"date":"2026-03-09T15:13:39","date_gmt":"2026-03-09T15:13:39","guid":{"rendered":"https:\/\/amdentalstudiogdl.mx\/?post_type=product&#038;p=1882"},"modified":"2026-03-11T15:07:13","modified_gmt":"2026-03-11T15:07:13","slug":"limpieza-dental","status":"publish","type":"product","link":"https:\/\/amdentalstudiogdl.mx\/en\/product\/limpieza-dental\/","title":{"rendered":"Dental Cleaning"},"content":{"rendered":"<h3>Cuida tu sonrisa con una limpieza profesional<\/h3>\n<p>La limpieza dental es esencial para eliminar la placa y el sarro acumulados en los dientes y enc\u00edas, algo que el cepillado y el uso de hilo dental no siempre logran por completo. Nuestro servicio asegura una higiene bucal profunda y efectiva.<\/p>\n<h3>Prevenci\u00f3n de problemas bucales<\/h3>\n<p>Una adecuada limpieza previene problemas dentales como caries, gingivitis y enfermedades periodontales. Con nuestras herramientas especializadas llegamos a las \u00e1reas m\u00e1s dif\u00edciles, cuidando de tu salud bucal de manera profesional.<\/p>\n<h3>Atenci\u00f3n de calidad con especialistas<\/h3>\n<p>Deja el cuidado de tu boca en manos de nuestros expertos. Utilizamos t\u00e9cnicas avanzadas para garantizar una experiencia c\u00f3moda y resultados \u00f3ptimos. Protege tu sonrisa y disfruta de una sensaci\u00f3n de frescura incomparable.<\/p>","protected":false},"excerpt":{"rendered":"<p>Elimina la placa y el sarro de las \u00e1reas m\u00e1s dif\u00edciles con nuestra limpieza dental profesional.<\/p>\n<p>Previene caries y gingivitis de la mano de nuestros especialistas, garantizando una experiencia c\u00f3moda, resultados \u00f3ptimos y una sensaci\u00f3n de frescura incomparable para tu sonrisa.<\/p>","protected":false},"featured_media":596,"comment_status":"open","ping_status":"closed","template":"","meta":[],"product_brand":[],"product_cat":[32],"product_tag":[],"class_list":{"0":"post-1882","1":"product","2":"type-product","3":"status-publish","4":"has-post-thumbnail","6":"product_cat-limpieza-bucal","8":"first","9":"instock","10":"shipping-taxable","11":"purchasable","12":"product-type-simple"},"yoast_head":"<!-- This site is optimized with the Yoast SEO plugin v27.4 - https:\/\/yoast.com\/product\/yoast-seo-wordpress\/ -->\n<title>Limpieza Dental - AM Dental Studio GDL<\/title>\n<meta name=\"description\" content=\"\u27a1\ufe0f Agenda tu cita ahora mismo para una limpieza dental profunda con AM Dental Studio. \ud83d\udcc5 Somos tu mejor opcion \ud83d\udfe2\" \/>\n<meta name=\"robots\" content=\"index, follow, max-snippet:-1, max-image-preview:large, max-video-preview:-1\" \/>\n<link rel=\"canonical\" href=\"https:\/\/amdentalstudiogdl.mx\/en\/product\/limpieza-dental\/\" \/>\n<meta property=\"og:locale\" content=\"en_US\" \/>\n<meta property=\"og:type\" content=\"article\" \/>\n<meta property=\"og:title\" content=\"Limpieza Dental - AM Dental Studio GDL\" \/>\n<meta property=\"og:description\" content=\"\u27a1\ufe0f Agenda tu cita ahora mismo para una limpieza dental profunda con AM Dental Studio. \ud83d\udcc5 Somos tu mejor opcion \ud83d\udfe2\" \/>\n<meta property=\"og:url\" content=\"https:\/\/amdentalstudiogdl.mx\/en\/product\/limpieza-dental\/\" \/>\n<meta property=\"og:site_name\" content=\"AM Dental Studio GDL\" \/>\n<meta property=\"article:publisher\" content=\"https:\/\/www.facebook.com\/Amdentalstudio\" \/>\n<meta property=\"article:modified_time\" content=\"2026-03-11T15:07:13+00:00\" \/>\n<meta property=\"og:image\" content=\"https:\/\/amdentalstudiogdl.mx\/wp-content\/uploads\/2024\/10\/Copia20WhatsApp202023-10-202010_42_24201.webp\" \/>\n\t<meta property=\"og:image:width\" content=\"1080\" \/>\n\t<meta property=\"og:image:height\" content=\"1080\" \/>\n\t<meta property=\"og:image:type\" content=\"image\/webp\" \/>\n<meta name=\"twitter:card\" content=\"summary_large_image\" \/>\n<meta name=\"twitter:label1\" content=\"Est. reading time\" \/>\n\t<meta name=\"twitter:data1\" content=\"1 minute\" \/>\n<script type=\"application\/ld+json\" class=\"yoast-schema-graph\">{\"@context\":\"https:\\\/\\\/schema.org\",\"@graph\":[{\"@type\":\"WebPage\",\"@id\":\"https:\\\/\\\/amdentalstudiogdl.mx\\\/producto\\\/limpieza-dental\\\/\",\"url\":\"https:\\\/\\\/amdentalstudiogdl.mx\\\/producto\\\/limpieza-dental\\\/\",\"name\":\"Limpieza Dental - AM Dental Studio GDL\",\"isPartOf\":{\"@id\":\"https:\\\/\\\/amdentalstudiogdl.mx\\\/#website\"},\"primaryImageOfPage\":{\"@id\":\"https:\\\/\\\/amdentalstudiogdl.mx\\\/producto\\\/limpieza-dental\\\/#primaryimage\"},\"image\":{\"@id\":\"https:\\\/\\\/amdentalstudiogdl.mx\\\/producto\\\/limpieza-dental\\\/#primaryimage\"},\"thumbnailUrl\":\"https:\\\/\\\/amdentalstudiogdl.mx\\\/wp-content\\\/uploads\\\/2024\\\/10\\\/Copia20WhatsApp202023-10-202010_42_24201.webp\",\"datePublished\":\"2026-03-09T15:13:39+00:00\",\"dateModified\":\"2026-03-11T15:07:13+00:00\",\"description\":\"\u27a1\ufe0f Agenda tu cita ahora mismo para una limpieza dental profunda con AM Dental Studio. \ud83d\udcc5 Somos tu mejor opcion \ud83d\udfe2\",\"breadcrumb\":{\"@id\":\"https:\\\/\\\/amdentalstudiogdl.mx\\\/producto\\\/limpieza-dental\\\/#breadcrumb\"},\"inLanguage\":\"en-US\",\"potentialAction\":[{\"@type\":\"ReadAction\",\"target\":[\"https:\\\/\\\/amdentalstudiogdl.mx\\\/producto\\\/limpieza-dental\\\/\"]}]},{\"@type\":\"ImageObject\",\"inLanguage\":\"en-US\",\"@id\":\"https:\\\/\\\/amdentalstudiogdl.mx\\\/producto\\\/limpieza-dental\\\/#primaryimage\",\"url\":\"https:\\\/\\\/amdentalstudiogdl.mx\\\/wp-content\\\/uploads\\\/2024\\\/10\\\/Copia20WhatsApp202023-10-202010_42_24201.webp\",\"contentUrl\":\"https:\\\/\\\/amdentalstudiogdl.mx\\\/wp-content\\\/uploads\\\/2024\\\/10\\\/Copia20WhatsApp202023-10-202010_42_24201.webp\",\"width\":1080,\"height\":1080,\"caption\":\"LIMPIEZA DENTAL ANTES Y DESPUES AM DENTAL STUDIO\"},{\"@type\":\"BreadcrumbList\",\"@id\":\"https:\\\/\\\/amdentalstudiogdl.mx\\\/producto\\\/limpieza-dental\\\/#breadcrumb\",\"itemListElement\":[{\"@type\":\"ListItem\",\"position\":1,\"name\":\"Portada\",\"item\":\"https:\\\/\\\/amdentalstudiogdl.mx\\\/\"},{\"@type\":\"ListItem\",\"position\":2,\"name\":\"Tienda\",\"item\":\"https:\\\/\\\/amdentalstudiogdl.mx\\\/tienda\\\/\"},{\"@type\":\"ListItem\",\"position\":3,\"name\":\"Limpieza Dental\"}]},{\"@type\":\"WebSite\",\"@id\":\"https:\\\/\\\/amdentalstudiogdl.mx\\\/#website\",\"url\":\"https:\\\/\\\/amdentalstudiogdl.mx\\\/\",\"name\":\"Am Dental Studio\",\"description\":\"Tu cl\u00ednica de est\u00e9tica dental con tecnolog\u00eda avanzada y atenci\u00f3n personalizada.\",\"publisher\":{\"@id\":\"https:\\\/\\\/amdentalstudiogdl.mx\\\/#organization\"},\"potentialAction\":[{\"@type\":\"SearchAction\",\"target\":{\"@type\":\"EntryPoint\",\"urlTemplate\":\"https:\\\/\\\/amdentalstudiogdl.mx\\\/?s={search_term_string}\"},\"query-input\":{\"@type\":\"PropertyValueSpecification\",\"valueRequired\":true,\"valueName\":\"search_term_string\"}}],\"inLanguage\":\"en-US\"},{\"@type\":\"Organization\",\"@id\":\"https:\\\/\\\/amdentalstudiogdl.mx\\\/#organization\",\"name\":\"Am Dental Studio Guadalajara\",\"url\":\"https:\\\/\\\/amdentalstudiogdl.mx\\\/\",\"logo\":{\"@type\":\"ImageObject\",\"inLanguage\":\"en-US\",\"@id\":\"https:\\\/\\\/amdentalstudiogdl.mx\\\/#\\\/schema\\\/logo\\\/image\\\/\",\"url\":\"https:\\\/\\\/amdentalstudiogdl-mx.preview-domain.com\\\/wp-content\\\/uploads\\\/2024\\\/10\\\/Recurso-1.webp\",\"contentUrl\":\"https:\\\/\\\/amdentalstudiogdl-mx.preview-domain.com\\\/wp-content\\\/uploads\\\/2024\\\/10\\\/Recurso-1.webp\",\"width\":235,\"height\":165,\"caption\":\"Am Dental Studio Guadalajara\"},\"image\":{\"@id\":\"https:\\\/\\\/amdentalstudiogdl.mx\\\/#\\\/schema\\\/logo\\\/image\\\/\"},\"sameAs\":[\"https:\\\/\\\/www.facebook.com\\\/Amdentalstudio\",\"https:\\\/\\\/www.youtube.com\\\/@amdentalstudio7454\"]}]}<\/script>\n<!-- \/ Yoast SEO plugin. -->","yoast_head_json":{"title":"Limpieza Dental - AM Dental Studio GDL","description":"\u27a1\ufe0f Agenda tu cita ahora mismo para una limpieza dental profunda con AM Dental Studio. \ud83d\udcc5 Somos tu mejor opcion \ud83d\udfe2","robots":{"index":"index","follow":"follow","max-snippet":"max-snippet:-1","max-image-preview":"max-image-preview:large","max-video-preview":"max-video-preview:-1"},"canonical":"https:\/\/amdentalstudiogdl.mx\/en\/product\/limpieza-dental\/","og_locale":"en_US","og_type":"article","og_title":"Limpieza Dental - AM Dental Studio GDL","og_description":"\u27a1\ufe0f Agenda tu cita ahora mismo para una limpieza dental profunda con AM Dental Studio. \ud83d\udcc5 Somos tu mejor opcion \ud83d\udfe2","og_url":"https:\/\/amdentalstudiogdl.mx\/en\/product\/limpieza-dental\/","og_site_name":"AM Dental Studio GDL","article_publisher":"https:\/\/www.facebook.com\/Amdentalstudio","article_modified_time":"2026-03-11T15:07:13+00:00","og_image":[{"width":1080,"height":1080,"url":"https:\/\/amdentalstudiogdl.mx\/wp-content\/uploads\/2024\/10\/Copia20WhatsApp202023-10-202010_42_24201.webp","type":"image\/webp"}],"twitter_card":"summary_large_image","twitter_misc":{"Est. reading time":"1 minute"},"schema":{"@context":"https:\/\/schema.org","@graph":[{"@type":"WebPage","@id":"https:\/\/amdentalstudiogdl.mx\/producto\/limpieza-dental\/","url":"https:\/\/amdentalstudiogdl.mx\/producto\/limpieza-dental\/","name":"Limpieza Dental - AM Dental Studio GDL","isPartOf":{"@id":"https:\/\/amdentalstudiogdl.mx\/#website"},"primaryImageOfPage":{"@id":"https:\/\/amdentalstudiogdl.mx\/producto\/limpieza-dental\/#primaryimage"},"image":{"@id":"https:\/\/amdentalstudiogdl.mx\/producto\/limpieza-dental\/#primaryimage"},"thumbnailUrl":"https:\/\/amdentalstudiogdl.mx\/wp-content\/uploads\/2024\/10\/Copia20WhatsApp202023-10-202010_42_24201.webp","datePublished":"2026-03-09T15:13:39+00:00","dateModified":"2026-03-11T15:07:13+00:00","description":"\u27a1\ufe0f Agenda tu cita ahora mismo para una limpieza dental profunda con AM Dental Studio. \ud83d\udcc5 Somos tu mejor opcion \ud83d\udfe2","breadcrumb":{"@id":"https:\/\/amdentalstudiogdl.mx\/producto\/limpieza-dental\/#breadcrumb"},"inLanguage":"en-US","potentialAction":[{"@type":"ReadAction","target":["https:\/\/amdentalstudiogdl.mx\/producto\/limpieza-dental\/"]}]},{"@type":"ImageObject","inLanguage":"en-US","@id":"https:\/\/amdentalstudiogdl.mx\/producto\/limpieza-dental\/#primaryimage","url":"https:\/\/amdentalstudiogdl.mx\/wp-content\/uploads\/2024\/10\/Copia20WhatsApp202023-10-202010_42_24201.webp","contentUrl":"https:\/\/amdentalstudiogdl.mx\/wp-content\/uploads\/2024\/10\/Copia20WhatsApp202023-10-202010_42_24201.webp","width":1080,"height":1080,"caption":"LIMPIEZA DENTAL ANTES Y DESPUES AM DENTAL STUDIO"},{"@type":"BreadcrumbList","@id":"https:\/\/amdentalstudiogdl.mx\/producto\/limpieza-dental\/#breadcrumb","itemListElement":[{"@type":"ListItem","position":1,"name":"Portada","item":"https:\/\/amdentalstudiogdl.mx\/"},{"@type":"ListItem","position":2,"name":"Tienda","item":"https:\/\/amdentalstudiogdl.mx\/tienda\/"},{"@type":"ListItem","position":3,"name":"Limpieza Dental"}]},{"@type":"WebSite","@id":"https:\/\/amdentalstudiogdl.mx\/#website","url":"https:\/\/amdentalstudiogdl.mx\/","name":"Am Dental Studio","description":"Tu cl\u00ednica de est\u00e9tica dental con tecnolog\u00eda avanzada y atenci\u00f3n personalizada.","publisher":{"@id":"https:\/\/amdentalstudiogdl.mx\/#organization"},"potentialAction":[{"@type":"SearchAction","target":{"@type":"EntryPoint","urlTemplate":"https:\/\/amdentalstudiogdl.mx\/?s={search_term_string}"},"query-input":{"@type":"PropertyValueSpecification","valueRequired":true,"valueName":"search_term_string"}}],"inLanguage":"en-US"},{"@type":"Organization","@id":"https:\/\/amdentalstudiogdl.mx\/#organization","name":"Am Dental Studio Guadalajara","url":"https:\/\/amdentalstudiogdl.mx\/","logo":{"@type":"ImageObject","inLanguage":"en-US","@id":"https:\/\/amdentalstudiogdl.mx\/#\/schema\/logo\/image\/","url":"https:\/\/amdentalstudiogdl-mx.preview-domain.com\/wp-content\/uploads\/2024\/10\/Recurso-1.webp","contentUrl":"https:\/\/amdentalstudiogdl-mx.preview-domain.com\/wp-content\/uploads\/2024\/10\/Recurso-1.webp","width":235,"height":165,"caption":"Am Dental Studio Guadalajara"},"image":{"@id":"https:\/\/amdentalstudiogdl.mx\/#\/schema\/logo\/image\/"},"sameAs":["https:\/\/www.facebook.com\/Amdentalstudio","https:\/\/www.youtube.com\/@amdentalstudio7454"]}]}},"_links":{"self":[{"href":"https:\/\/amdentalstudiogdl.mx\/en\/wp-json\/wp\/v2\/product\/1882","targetHints":{"allow":["GET"]}}],"collection":[{"href":"https:\/\/amdentalstudiogdl.mx\/en\/wp-json\/wp\/v2\/product"}],"about":[{"href":"https:\/\/amdentalstudiogdl.mx\/en\/wp-json\/wp\/v2\/types\/product"}],"replies":[{"embeddable":true,"href":"https:\/\/amdentalstudiogdl.mx\/en\/wp-json\/wp\/v2\/comments?post=1882"}],"wp:featuredmedia":[{"embeddable":true,"href":"https:\/\/amdentalstudiogdl.mx\/en\/wp-json\/wp\/v2\/media\/596"}],"wp:attachment":[{"href":"https:\/\/amdentalstudiogdl.mx\/en\/wp-json\/wp\/v2\/media?parent=1882"}],"wp:term":[{"taxonomy":"product_brand","embeddable":true,"href":"https:\/\/amdentalstudiogdl.mx\/en\/wp-json\/wp\/v2\/product_brand?post=1882"},{"taxonomy":"product_cat","embeddable":true,"href":"https:\/\/amdentalstudiogdl.mx\/en\/wp-json\/wp\/v2\/product_cat?post=1882"},{"taxonomy":"product_tag","embeddable":true,"href":"https:\/\/amdentalstudiogdl.mx\/en\/wp-json\/wp\/v2\/product_tag?post=1882"}],"curies":[{"name":"wp","href":"https:\/\/api.w.org\/{rel}","templated":true}]}}